{"id":3246,"date":"2021-07-17T22:19:44","date_gmt":"2021-07-17T20:19:44","guid":{"rendered":"https:\/\/www.noidue.hr\/about-us\/"},"modified":"2026-03-18T14:46:36","modified_gmt":"2026-03-18T13:46:36","slug":"about-us","status":"publish","type":"page","link":"https:\/\/www.noidue.hr\/en\/about-us\/","title":{"rendered":"About us"},"content":{"rendered":"<p>[et_pb_section fb_built=&#8221;1&#8243; fullwidth=&#8221;on&#8221; admin_label=&#8221;Header&#8221; _builder_version=&#8221;3.22&#8243; custom_padding=&#8221;0px|0|0px|0px|false|false&#8221; top_divider_style=&#8221;arrow3&#8243; top_divider_color=&#8221;rgba(255,255,255,0.3)&#8221; top_divider_height=&#8221;100%&#8221; top_divider_repeat=&#8221;2x&#8221; bottom_divider_color=&#8221;rgba(255,255,255,0.33)&#8221; bottom_divider_height=&#8221;500px&#8221;][et_pb_fullwidth_header title=&#8221;About us&#8221; subhead=&#8221;more than 25 years of business&#8221; text_orientation=&#8221;center&#8221; content_max_width=&#8221;70%&#8221; content_max_width_tablet=&#8221;100%&#8221; content_max_width_phone=&#8221;&#8221; content_max_width_last_edited=&#8221;on|phone&#8221; _builder_version=&#8221;4.7.7&#8243; title_font=&#8221;Cormorant Garamond|500|||||||&#8221; title_font_size=&#8221;5vw&#8221; title_line_height=&#8221;1.5em&#8221; content_font=&#8221;||||||||&#8221; subhead_font=&#8221;Cormorant Garamond|600||on|||||&#8221; subhead_font_size=&#8221;16px&#8221; subhead_letter_spacing=&#8221;15px&#8221; subhead_line_height=&#8221;2em&#8221; background_color=&#8221;rgba(255,255,255,0)&#8221; background_image=&#8221;https:\/\/www.noidue.hr\/wp-content\/uploads\/2020\/01\/about-hero-1.jpg&#8221; parallax=&#8221;on&#8221; parallax_method=&#8221;on&#8221; custom_button_one=&#8221;on&#8221; button_one_text_size=&#8221;14px&#8221; button_one_text_color=&#8221;#000000&#8243; button_one_bg_color=&#8221;#ffffff&#8221; button_one_border_width=&#8221;14px&#8221; button_one_border_color=&#8221;#ffffff&#8221; button_one_border_radius=&#8221;0px&#8221; button_one_letter_spacing=&#8221;4px&#8221; button_one_font=&#8221;Poppins|500||on|||||&#8221; background_layout=&#8221;light&#8221; custom_margin=&#8221;||||false&#8221; custom_padding=&#8221;10vw||10vw||true&#8221; hover_enabled=&#8221;0&#8243; title_font_size_tablet=&#8221;40px&#8221; title_font_size_phone=&#8221;&#8221; title_font_size_last_edited=&#8221;on|desktop&#8221; subhead_font_size_tablet=&#8221;40px&#8221; subhead_font_size_last_edited=&#8221;off|desktop&#8221; subhead_letter_spacing_tablet=&#8221;&#8221; subhead_letter_spacing_phone=&#8221;0px&#8221; subhead_letter_spacing_last_edited=&#8221;on|phone&#8221; button_one_border_color_hover=&#8221;#ecd5c5&#8243; button_one_border_radius_hover=&#8221;0px&#8221; button_one_letter_spacing_hover=&#8221;4px&#8221; button_one_bg_color_hover=&#8221;#ecd5c5&#8243; button_one_text_size__hover_enabled=&#8221;off&#8221; button_two_text_size__hover_enabled=&#8221;off&#8221; button_one_text_color__hover_enabled=&#8221;off&#8221; button_two_text_color__hover_enabled=&#8221;off&#8221; button_one_border_width__hover_enabled=&#8221;off&#8221; button_two_border_width__hover_enabled=&#8221;off&#8221; button_one_border_color__hover_enabled=&#8221;on&#8221; button_one_border_color__hover=&#8221;#ecd5c5&#8243; button_two_border_color__hover_enabled=&#8221;off&#8221; button_one_border_radius__hover_enabled=&#8221;on&#8221; button_one_border_radius__hover=&#8221;0px&#8221; button_two_border_radius__hover_enabled=&#8221;off&#8221; button_one_letter_spacing__hover_enabled=&#8221;on&#8221; button_one_letter_spacing__hover=&#8221;4px&#8221; button_two_letter_spacing__hover_enabled=&#8221;off&#8221; button_one_bg_color__hover_enabled=&#8221;on&#8221; button_one_bg_color__hover=&#8221;#ecd5c5&#8243; button_two_bg_color__hover_enabled=&#8221;off&#8221; title_text=&#8221;about-hero-1&#8243; sticky_enabled=&#8221;0&#8243;][\/et_pb_fullwidth_header][\/et_pb_section][et_pb_section fb_built=&#8221;1&#8243; admin_label=&#8221;About Us&#8221; _builder_version=&#8221;3.22&#8243; custom_padding=&#8221;26px|0px|26px|0px|true|false&#8221; locked=&#8221;off&#8221;][et_pb_row column_structure=&#8221;1_2,1_2&#8243; _builder_version=&#8221;4.1&#8243; module_alignment=&#8221;center&#8221; custom_margin=&#8221;|411px||auto||&#8221;][et_pb_column type=&#8221;1_2&#8243; _builder_version=&#8221;3.25&#8243; custom_padding=&#8221;|||&#8221; custom_padding__hover=&#8221;|||&#8221;][et_pb_image src=&#8221;https:\/\/www.noidue.hr\/wp-content\/uploads\/2020\/01\/\u017deljkaiarsen2-1.jpeg&#8221; alt=&#8221;\u017eeljka i arsen mar\u0161ani\u0107&#8221; force_fullwidth=&#8221;on&#8221; align_tablet=&#8221;center&#8221; align_phone=&#8221;&#8221; align_last_edited=&#8221;on|desktop&#8221; _builder_version=&#8221;4.7.7&#8243; custom_margin=&#8221;100px||||false|false&#8221; custom_margin_tablet=&#8221;0px||||false|false&#8221; custom_margin_phone=&#8221;0px|||&#8221; custom_margin_last_edited=&#8221;on|desktop&#8221; animation_style=&#8221;slide&#8221; animation_direction=&#8221;bottom&#8221; animation_intensity_slide=&#8221;5%&#8221; hover_enabled=&#8221;0&#8243; border_color_all=&#8221;#f7f7f7&#8243; border_style_all=&#8221;double&#8221; box_shadow_style=&#8221;preset3&#8243; box_shadow_vertical=&#8221;70px&#8221; box_shadow_blur=&#8221;80px&#8221; box_shadow_spread=&#8221;-60px&#8221; title_text=&#8221;\u017deljkaiarsen2 (1)&#8221; sticky_enabled=&#8221;0&#8243;][\/et_pb_image][\/et_pb_column][et_pb_column type=&#8221;1_2&#8243; _builder_version=&#8221;3.25&#8243; custom_padding=&#8221;|||&#8221; custom_padding__hover=&#8221;|||&#8221;][et_pb_text _builder_version=&#8221;4.1&#8243; text_font=&#8221;Cormorant Garamond||||||||&#8221; text_font_size=&#8221;20px&#8221; text_line_height=&#8221;1.8em&#8221; link_font=&#8221;||||||||&#8221; ul_font=&#8221;||||||||&#8221; header_font=&#8221;||||||||&#8221; header_2_font=&#8221;||||||||&#8221; header_3_font=&#8221;||||||||&#8221; header_3_font_size=&#8221;45px&#8221; header_3_line_height=&#8221;1.5em&#8221; max_width_tablet=&#8221;100%&#8221; max_width_phone=&#8221;100%&#8221; max_width_last_edited=&#8221;off|desktop&#8221; module_alignment=&#8221;right&#8221; custom_padding=&#8221;|||&#8221; custom_padding_tablet=&#8221;|||0px&#8221; custom_padding_phone=&#8221;&#8221; custom_padding_last_edited=&#8221;on|tablet&#8221;]<\/p>\n<h3>Noi Due<\/h3>\n<p>After more than twenty-five years of rich experience in organization of weddings and events in Opatija and in Croatia, we in Noi due agency are proud of extended knowledge, valuable recommendations and built confidence.<br \/> Always with the same joy and excitement together with you participate in weddings organization, helping you with a warm advice, create a scenery and wedding decorations and with a lot of initiatives we help you make your wedding vision a real story. <span>Nothing is impossible for us so every new wedding represent a challenge to us as the borders of imagination, creativity, originality and inspiration for us do not exist. We are listening to the wishes of the newlyweds, not imposing our opinion but forming the wedding in accordance with style and a sense of beauty of every couple. It always makes us delighted to be provided with incredible confidence in such intimate and important moments that you will remember all your life.  <\/span><\/p>\n<p><span>We go hand in hand with world trends in fashion and design and willingly introduce the complete beauty of Croatian sceneries to domestic and foreign couples. Villas, beach and ballrooms are hidden oases of beauty that become beautiful scenery of the most beautiful story told &#8211; your story. Elicit enthusiasm in you and your guests from the beginning of the wedding fulfil your fantasies &#8211; that is our philosophy of wedding.  <\/span><\/p>\n<p>[\/et_pb_text][et_pb_text _builder_version=&#8221;4.1&#8243; text_font=&#8221;Cormorant Garamond||||||||&#8221; text_font_size=&#8221;16px&#8221; header_font=&#8221;||||||||&#8221; header_6_font=&#8221;Sacramento||||||||&#8221; header_6_font_size=&#8221;40px&#8221; max_width_last_edited=&#8221;off|desktop&#8221; custom_margin=&#8221;|||&#8221; custom_margin_tablet=&#8221;|||0px&#8221; custom_margin_phone=&#8221;|||0px&#8221; custom_margin_last_edited=&#8221;on|tablet&#8221; custom_padding=&#8221;|||&#8221; animation_style=&#8221;fold&#8221; animation_direction=&#8221;left&#8221;]<\/p>\n<h6>Arsen i \u017deljka Mar\u0161ani\u0107<\/h6>\n<p>Noi Due, wedding planner agency<\/p>\n<p>[\/et_pb_text][\/et_pb_column][\/et_pb_row][\/et_pb_section][et_pb_section fb_built=&#8221;1&#8243; admin_label=&#8221;What we do&#8221; _builder_version=&#8221;4.1&#8243; use_background_color_gradient=&#8221;on&#8221; background_color_gradient_start=&#8221;#ffffff&#8221; background_color_gradient_end=&#8221;#f2e3de&#8221; background_color_gradient_type=&#8221;radial&#8221; background_color_gradient_start_position=&#8221;50%&#8221; custom_padding=&#8221;39px|0px|39px|0px|true|false&#8221; top_divider_style=&#8221;arrow3&#8243; top_divider_color=&#8221;rgba(255,255,255,0.56)&#8221; top_divider_height=&#8221;500px&#8221; top_divider_repeat=&#8221;2x&#8221; bottom_divider_color=&#8221;rgba(255,255,255,0.55)&#8221; bottom_divider_repeat=&#8221;2x&#8221;][et_pb_row admin_label=&#8221;what we do Row&#8221; _builder_version=&#8221;3.25&#8243; custom_margin=&#8221;-33px|auto||auto||&#8221; custom_padding=&#8221;|||&#8221;][et_pb_column type=&#8221;4_4&#8243; _builder_version=&#8221;3.25&#8243; custom_padding=&#8221;80px||80px|&#8221; custom_padding__hover=&#8221;|||&#8221;][et_pb_text admin_label=&#8221;Subheading&#8221; _builder_version=&#8221;4.1&#8243; text_font=&#8221;Cormorant Garamond||||||||&#8221; text_font_size=&#8221;20px&#8221; text_line_height=&#8221;1.8em&#8221; link_font=&#8221;||||||||&#8221; ul_font=&#8221;||||||||&#8221; header_font=&#8221;||||||||&#8221; header_text_align=&#8221;center&#8221; header_2_font=&#8221;||||||||&#8221; header_3_font=&#8221;||||||||&#8221; header_3_font_size=&#8221;45px&#8221; header_3_line_height=&#8221;1.5em&#8221; header_4_font=&#8221;||||||||&#8221; header_5_font=&#8221;Poppins|700||on|||||&#8221; header_5_text_color=&#8221;#ecd5c5&#8243; header_5_letter_spacing=&#8221;15px&#8221; header_5_line_height=&#8221;1.8em&#8221; text_orientation=&#8221;center&#8221; max_width_tablet=&#8221;100%&#8221; max_width_phone=&#8221;100%&#8221; max_width_last_edited=&#8221;off|desktop&#8221; module_alignment=&#8221;right&#8221; custom_margin=&#8221;|||&#8221; custom_padding=&#8221;|||&#8221; header_5_font_size_tablet=&#8221;&#8221; header_5_font_size_phone=&#8221;&#8221; header_5_font_size_last_edited=&#8221;on|desktop&#8221; header_5_letter_spacing_tablet=&#8221;&#8221; header_5_letter_spacing_phone=&#8221;&#8221; header_5_letter_spacing_last_edited=&#8221;on|desktop&#8221;]<\/p>\n<h5>press<\/h5>\n<h3>\u0160to mediji ka\u017eu o nama<\/h3>\n<p>[\/et_pb_text][\/et_pb_column][\/et_pb_row][et_pb_row column_structure=&#8221;1_4,1_4,1_4,1_4&#8243; _builder_version=&#8221;4.1&#8243; filter_saturate=&#8221;70%&#8221;][et_pb_column type=&#8221;1_4&#8243; _builder_version=&#8221;4.1&#8243;][et_pb_image src=&#8221;https:\/\/www.noidue.hr\/wp-content\/uploads\/2020\/01\/Bec-u-Opatiji_1.jpg&#8221; _builder_version=&#8221;4.7.7&#8243; hover_enabled=&#8221;0&#8243; title_text=&#8221;Bec-u-Opatiji_1&#8243; url=&#8221;https:\/\/www.noidue.hr\/wp-content\/uploads\/2020\/01\/bec-u-opatiji-min.pdf&#8221; sticky_enabled=&#8221;0&#8243;][\/et_pb_image][\/et_pb_column][et_pb_column type=&#8221;1_4&#8243; _builder_version=&#8221;4.1&#8243;][et_pb_image src=&#8221;https:\/\/www.noidue.hr\/wp-content\/uploads\/2020\/01\/bilo-jednom-u-opatiji.jpg&#8221; _builder_version=&#8221;4.7.7&#8243; hover_enabled=&#8221;0&#8243; title_text=&#8221;bilo-jednom-u-opatiji&#8221; url=&#8221;https:\/\/www.noidue.hr\/wp-content\/uploads\/2020\/01\/bilo-jednom-opatiji-min.pdf&#8221; sticky_enabled=&#8221;0&#8243;][\/et_pb_image][\/et_pb_column][et_pb_column type=&#8221;1_4&#8243; _builder_version=&#8221;4.1&#8243;][et_pb_image src=&#8221;https:\/\/www.noidue.hr\/wp-content\/uploads\/2020\/01\/blog-opatija.jpg&#8221; _builder_version=&#8221;4.7.7&#8243; hover_enabled=&#8221;0&#8243; title_text=&#8221;blog-opatija&#8221; url=&#8221;https:\/\/www.noidue.hr\/wp-content\/uploads\/2020\/01\/VJencanja-Opatija-blog-min.pdf&#8221; sticky_enabled=&#8221;0&#8243;][\/et_pb_image][\/et_pb_column][et_pb_column type=&#8221;1_4&#8243; _builder_version=&#8221;4.1&#8243;][et_pb_image src=&#8221;https:\/\/www.noidue.hr\/wp-content\/uploads\/2020\/01\/intervju-s-nama.jpg&#8221; _builder_version=&#8221;4.7.7&#8243; hover_enabled=&#8221;0&#8243; title_text=&#8221;intervju-s-nama&#8221; url=&#8221;https:\/\/www.noidue.hr\/wp-content\/uploads\/2020\/01\/intervju-s-nama-min.pdf&#8221; sticky_enabled=&#8221;0&#8243;][\/et_pb_image][\/et_pb_column][\/et_pb_row][et_pb_row column_structure=&#8221;1_4,1_4,1_4,1_4&#8243; _builder_version=&#8221;4.1&#8243; filter_saturate=&#8221;70%&#8221;][et_pb_column type=&#8221;1_4&#8243; _builder_version=&#8221;4.1&#8243;][et_pb_image src=&#8221;https:\/\/www.noidue.hr\/wp-content\/uploads\/2020\/01\/iz-op-s-ljubavlju.jpg&#8221; _builder_version=&#8221;4.7.7&#8243; hover_enabled=&#8221;0&#8243; title_text=&#8221;iz-op-s-ljubavlju&#8221; url=&#8221;https:\/\/www.noidue.hr\/wp-content\/uploads\/2020\/01\/iz-Opatije-s-ljubavlju-min.pdf&#8221; sticky_enabled=&#8221;0&#8243;][\/et_pb_image][\/et_pb_column][et_pb_column type=&#8221;1_4&#8243; _builder_version=&#8221;4.1&#8243;][et_pb_image src=&#8221;https:\/\/www.noidue.hr\/wp-content\/uploads\/2020\/01\/org-vjencanja.jpg&#8221; _builder_version=&#8221;4.7.7&#8243; hover_enabled=&#8221;0&#8243; title_text=&#8221;org-vjencanja&#8221; url=&#8221;https:\/\/www.noidue.hr\/wp-content\/uploads\/2020\/01\/organizatori-vjencanja-min.pdf&#8221; sticky_enabled=&#8221;0&#8243;][\/et_pb_image][\/et_pb_column][et_pb_column type=&#8221;1_4&#8243; _builder_version=&#8221;4.1&#8243;][et_pb_image src=&#8221;https:\/\/www.noidue.hr\/wp-content\/uploads\/2020\/01\/prava-ljubav.jpg&#8221; _builder_version=&#8221;4.7.7&#8243; hover_enabled=&#8221;0&#8243; title_text=&#8221;prava-ljubav&#8221; url=&#8221;https:\/\/www.noidue.hr\/wp-content\/uploads\/2020\/01\/Prava-ljubav-ne-pozna-daljine-min.pdf&#8221; sticky_enabled=&#8221;0&#8243;][\/et_pb_image][\/et_pb_column][et_pb_column type=&#8221;1_4&#8243; _builder_version=&#8221;4.1&#8243;][et_pb_image src=&#8221;https:\/\/www.noidue.hr\/wp-content\/uploads\/2020\/01\/prof-od-formata.jpg&#8221; _builder_version=&#8221;4.7.7&#8243; hover_enabled=&#8221;0&#8243; title_text=&#8221;prof-od-formata&#8221; url=&#8221;https:\/\/www.noidue.hr\/wp-content\/uploads\/2020\/01\/profesionalci-min.pdf&#8221; sticky_enabled=&#8221;0&#8243;][\/et_pb_image][\/et_pb_column][\/et_pb_row][et_pb_row column_structure=&#8221;1_4,1_4,1_4,1_4&#8243; _builder_version=&#8221;4.1&#8243; filter_saturate=&#8221;70%&#8221; hover_enabled=&#8221;0&#8243; sticky_enabled=&#8221;0&#8243;][et_pb_column type=&#8221;1_4&#8243; _builder_version=&#8221;4.1&#8243;][et_pb_image src=&#8221;https:\/\/www.noidue.hr\/wp-content\/uploads\/2020\/01\/skrojeno-vjencanje.jpg&#8221; _builder_version=&#8221;4.7.7&#8243; hover_enabled=&#8221;0&#8243; title_text=&#8221;skrojeno-vjencanje&#8221; url=&#8221;https:\/\/www.noidue.hr\/wp-content\/uploads\/2020\/01\/dobro-skrojeno-vjencanje-min.pdf&#8221; sticky_enabled=&#8221;0&#8243;][\/et_pb_image][\/et_pb_column][et_pb_column type=&#8221;1_4&#8243; _builder_version=&#8221;4.1&#8243;][et_pb_image src=&#8221;https:\/\/www.noidue.hr\/wp-content\/uploads\/2020\/01\/vjencanja-na-otvorenom.jpg&#8221; _builder_version=&#8221;4.7.7&#8243; hover_enabled=&#8221;0&#8243; title_text=&#8221;vjencanja-na-otvorenom&#8221; url=&#8221;https:\/\/www.noidue.hr\/wp-content\/uploads\/2020\/01\/vjencanja-na-otvorenom-min.pdf&#8221; sticky_enabled=&#8221;0&#8243;][\/et_pb_image][\/et_pb_column][et_pb_column type=&#8221;1_4&#8243; _builder_version=&#8221;4.1&#8243;][et_pb_image src=&#8221;https:\/\/www.noidue.hr\/wp-content\/uploads\/2020\/01\/vjencanje-drugi-nacin.jpg&#8221; _builder_version=&#8221;4.7.7&#8243; hover_enabled=&#8221;0&#8243; title_text=&#8221;vjencanje-drugi-nacin&#8221; url=&#8221;https:\/\/www.noidue.hr\/wp-content\/uploads\/2020\/01\/vjencanje-na-drugi-nacin-min.pdf&#8221; sticky_enabled=&#8221;0&#8243;][\/et_pb_image][\/et_pb_column][et_pb_column type=&#8221;1_4&#8243; _builder_version=&#8221;4.1&#8243;][et_pb_image src=&#8221;https:\/\/www.noidue.hr\/wp-content\/uploads\/2020\/01\/vjencanje-mail.jpg&#8221; _builder_version=&#8221;4.7.7&#8243; hover_enabled=&#8221;0&#8243; title_text=&#8221;vjencanje-mail&#8221; url=&#8221;https:\/\/www.noidue.hr\/wp-content\/uploads\/2020\/01\/vjencanje-putem-maila-min.pdf&#8221; sticky_enabled=&#8221;0&#8243;][\/et_pb_image][\/et_pb_column][\/et_pb_row][et_pb_row column_structure=&#8221;1_4,1_4,1_4,1_4&#8243; _builder_version=&#8221;4.5.7&#8243; filter_saturate=&#8221;70%&#8221;][et_pb_column type=&#8221;1_4&#8243; _builder_version=&#8221;4.1&#8243;][et_pb_image src=&#8221;https:\/\/www.noidue.hr\/wp-content\/uploads\/2020\/12\/inesdamir-tisak-.png&#8221; title_text=&#8221;ines&amp;damir-tisak&#8221; _builder_version=&#8221;4.7.7&#8243; hover_enabled=&#8221;0&#8243; url=&#8221;https:\/\/www.noidue.hr\/wp-content\/uploads\/2020\/12\/TISAK-ines-i-damir.pdf&#8221; sticky_enabled=&#8221;0&#8243;][\/et_pb_image][\/et_pb_column][et_pb_column type=&#8221;1_4&#8243; _builder_version=&#8221;4.1&#8243;][et_pb_image src=&#8221;https:\/\/www.noidue.hr\/wp-content\/uploads\/2020\/12\/Dizajn-bez-naslova-9.jpg&#8221; title_text=&#8221;kako zapo\u010deti&#8221; _builder_version=&#8221;4.7.7&#8243; hover_enabled=&#8221;0&#8243; url=&#8221;https:\/\/www.noidue.hr\/wp-content\/uploads\/2020\/12\/kako-zapoceti-organizacija-vjencanja.pdf&#8221; sticky_enabled=&#8221;0&#8243;][\/et_pb_image][\/et_pb_column][et_pb_column type=&#8221;1_4&#8243; _builder_version=&#8221;4.1&#8243;][\/et_pb_column][et_pb_column type=&#8221;1_4&#8243; _builder_version=&#8221;4.1&#8243;][\/et_pb_column][\/et_pb_row][\/et_pb_section][et_pb_section fb_built=&#8221;1&#8243; admin_label=&#8221;What we do&#8221; _builder_version=&#8221;4.1&#8243; use_background_color_gradient=&#8221;on&#8221; background_color_gradient_start=&#8221;#ffffff&#8221; background_color_gradient_end=&#8221;#f2e3de&#8221; background_color_gradient_type=&#8221;radial&#8221; background_color_gradient_start_position=&#8221;50%&#8221; custom_padding=&#8221;39px|0px|39px|0px|true|false&#8221; top_divider_style=&#8221;arrow3&#8243; top_divider_color=&#8221;rgba(255,255,255,0.56)&#8221; top_divider_height=&#8221;500px&#8221; top_divider_repeat=&#8221;2x&#8221; bottom_divider_color=&#8221;rgba(255,255,255,0.55)&#8221; bottom_divider_repeat=&#8221;2x&#8221;][et_pb_row admin_label=&#8221;what we do Row&#8221; _builder_version=&#8221;3.25&#8243; custom_margin=&#8221;-33px|auto||auto||&#8221; custom_padding=&#8221;|||&#8221;][et_pb_column type=&#8221;4_4&#8243; _builder_version=&#8221;3.25&#8243; custom_padding=&#8221;80px||80px|&#8221; custom_padding__hover=&#8221;|||&#8221;][et_pb_text admin_label=&#8221;Subheading&#8221; _builder_version=&#8221;4.1&#8243; text_font=&#8221;Cormorant Garamond||||||||&#8221; text_font_size=&#8221;20px&#8221; text_line_height=&#8221;1.8em&#8221; link_font=&#8221;||||||||&#8221; ul_font=&#8221;||||||||&#8221; header_font=&#8221;||||||||&#8221; header_text_align=&#8221;center&#8221; header_2_font=&#8221;||||||||&#8221; header_3_font=&#8221;||||||||&#8221; header_3_font_size=&#8221;45px&#8221; header_3_line_height=&#8221;1.5em&#8221; header_4_font=&#8221;||||||||&#8221; header_5_font=&#8221;Poppins|700||on|||||&#8221; header_5_text_color=&#8221;#ecd5c5&#8243; header_5_letter_spacing=&#8221;15px&#8221; header_5_line_height=&#8221;1.8em&#8221; text_orientation=&#8221;center&#8221; max_width_tablet=&#8221;100%&#8221; max_width_phone=&#8221;100%&#8221; max_width_last_edited=&#8221;off|desktop&#8221; module_alignment=&#8221;right&#8221; custom_margin=&#8221;|||&#8221; custom_padding=&#8221;|||&#8221; header_5_font_size_tablet=&#8221;&#8221; header_5_font_size_phone=&#8221;&#8221; header_5_font_size_last_edited=&#8221;on|desktop&#8221; header_5_letter_spacing_tablet=&#8221;&#8221; header_5_letter_spacing_phone=&#8221;&#8221; header_5_letter_spacing_last_edited=&#8221;on|desktop&#8221;]<\/p>\n<h5>Fairs<\/h5>\n<h3>Wedding fair in Opatija and Rijeka<\/h3>\n<p>[\/et_pb_text][et_pb_text _builder_version=&#8221;4.1&#8243; text_font=&#8221;Cormorant Garamond||||||||&#8221; text_font_size=&#8221;18px&#8221; text_orientation=&#8221;center&#8221;]<\/p>\n<p>Noi due, in cooperation with Adriamedia and the magazine &#8220;Vjen\u010danja&#8221; or &#8220;Story vjen\u010danja&#8221;, organizes a traditional fair in Rijeka and Opatija<br \/>which has been gathering numerous exhibitors for two decades.<br \/>A large number of visitors can learn about the latest trends and curiosities and be inspired by new ideas.<br \/>The wedding fair is an indispensable address for all future newlyweds and professionals every year.<\/p>\n<p>[\/et_pb_text][\/et_pb_column][\/et_pb_row][et_pb_row column_structure=&#8221;1_4,1_4,1_4,1_4&#8243; _builder_version=&#8221;4.1&#8243; filter_saturate=&#8221;70%&#8221;][et_pb_column type=&#8221;1_4&#8243; _builder_version=&#8221;4.1&#8243;][et_pb_image src=&#8221;https:\/\/www.noidue.hr\/wp-content\/uploads\/2020\/03\/sajam4.jpg&#8221; _builder_version=&#8221;4.7.7&#8243; hover_enabled=&#8221;0&#8243; title_text=&#8221;sajam4&#8243; sticky_enabled=&#8221;0&#8243;][\/et_pb_image][\/et_pb_column][et_pb_column type=&#8221;1_4&#8243; _builder_version=&#8221;4.1&#8243;][et_pb_image src=&#8221;https:\/\/www.noidue.hr\/wp-content\/uploads\/2020\/03\/sajam1.jpg&#8221; _builder_version=&#8221;4.7.7&#8243; hover_enabled=&#8221;0&#8243; title_text=&#8221;sajam1&#8243; sticky_enabled=&#8221;0&#8243;][\/et_pb_image][\/et_pb_column][et_pb_column type=&#8221;1_4&#8243; _builder_version=&#8221;4.1&#8243;][et_pb_image src=&#8221;https:\/\/www.noidue.hr\/wp-content\/uploads\/2020\/03\/sajam3.jpg&#8221; _builder_version=&#8221;4.7.7&#8243; hover_enabled=&#8221;0&#8243; title_text=&#8221;sajam3&#8243; sticky_enabled=&#8221;0&#8243;][\/et_pb_image][\/et_pb_column][et_pb_column type=&#8221;1_4&#8243; _builder_version=&#8221;4.1&#8243;][et_pb_image src=&#8221;https:\/\/www.noidue.hr\/wp-content\/uploads\/2020\/03\/sajam2.jpg&#8221; _builder_version=&#8221;4.7.7&#8243; hover_enabled=&#8221;0&#8243; title_text=&#8221;sajam2&#8243; sticky_enabled=&#8221;0&#8243;][\/et_pb_image][\/et_pb_column][\/et_pb_row][\/et_pb_section]<\/p>\n","protected":false},"excerpt":{"rendered":"<p>Noi Due After more than twenty-five years of rich experience in organization of weddings and events in Opatija and in Croatia, we in Noi due agency are proud of extended knowledge, valuable recommendations and built confidence. Always with the same joy and excitement together with you participate in weddings organization, helping you with a warm [&hellip;]<\/p>\n","protected":false},"author":1,"featured_media":0,"parent":0,"menu_order":0,"comment_status":"closed","ping_status":"closed","template":"","meta":{"_et_pb_use_builder":"on","_et_pb_old_content":"","_et_gb_content_width":"","footnotes":""},"class_list":["post-3246","page","type-page","status-publish","hentry"],"_links":{"self":[{"href":"https:\/\/www.noidue.hr\/en\/wp-json\/wp\/v2\/pages\/3246","targetHints":{"allow":["GET"]}}],"collection":[{"href":"https:\/\/www.noidue.hr\/en\/wp-json\/wp\/v2\/pages"}],"about":[{"href":"https:\/\/www.noidue.hr\/en\/wp-json\/wp\/v2\/types\/page"}],"author":[{"embeddable":true,"href":"https:\/\/www.noidue.hr\/en\/wp-json\/wp\/v2\/users\/1"}],"replies":[{"embeddable":true,"href":"https:\/\/www.noidue.hr\/en\/wp-json\/wp\/v2\/comments?post=3246"}],"version-history":[{"count":10,"href":"https:\/\/www.noidue.hr\/en\/wp-json\/wp\/v2\/pages\/3246\/revisions"}],"predecessor-version":[{"id":8325,"href":"https:\/\/www.noidue.hr\/en\/wp-json\/wp\/v2\/pages\/3246\/revisions\/8325"}],"wp:attachment":[{"href":"https:\/\/www.noidue.hr\/en\/wp-json\/wp\/v2\/media?parent=3246"}],"curies":[{"name":"wp","href":"https:\/\/api.w.org\/{rel}","templated":true}]}}